{"id":11099,"date":"2015-11-02T07:09:36","date_gmt":"2015-11-02T07:09:36","guid":{"rendered":"http:\/\/zozothemes.com\/wp\/mistwp\/medical\/?page_id=10"},"modified":"2023-01-26T13:35:36","modified_gmt":"2023-01-26T16:35:36","slug":"home","status":"publish","type":"page","link":"https:\/\/institutopragma.com.br\/","title":{"rendered":"Home"},"content":{"rendered":"<section class=\"wpb-content-wrapper\"><p>[vc_row bg_style=&#8221;dark-wrapper&#8221; typo_style=&#8221;light&#8221; css=&#8221;.vc_custom_1674739471643{background-color: #5b3b4c !important;}&#8221;][vc_column width=&#8221;2\/3&#8243;][zozo_vc_section_title text_align=&#8221;center&#8221; title=&#8221;Quer saber mais sobre nossos cursos?&#8221; title_weight=&#8221;800&#8243;][\/zozo_vc_section_title][\/vc_column][vc_column width=&#8221;1\/3&#8243;][vc_btn title=&#8221;Purchase Now&#8221; color=&#8221;white&#8221; align=&#8221;left&#8221; css_animation=&#8221;none&#8221; link=&#8221;url:%23||&#8221;][\/vc_column][\/vc_row][vc_row full_width=&#8221;stretch_row_content&#8221; typo_style=&#8221;light&#8221; css=&#8221;.vc_custom_1499341925002{padding-top: 0px !important;padding-bottom: 0px !important;}&#8221;][vc_column css=&#8221;.vc_custom_1502447041353{padding-bottom: 35px !important;background-color: #199adb !important;}&#8221; el_class=&#8221;fold-end&#8221; offset=&#8221;vc_col-lg-3 vc_col-md-3&#8243;][zozo_vc_feature_box type=&#8221;fontawesome&#8221; icon_size=&#8221;large&#8221; title=&#8221;Qualified Doctors&#8221; title_type=&#8221;h4&#8243; title_url=&#8221;|||&#8221; button_url=&#8221;|||&#8221; icon_fontawesome=&#8221;fa fa-user-md&#8221; icon_color=&#8221;#ffffff&#8221;]There are many variations of passages of Lorem Ipsum available, but the majority have suffered alteration.[\/zozo_vc_feature_box][\/vc_column][vc_column css=&#8221;.vc_custom_1502447052839{padding-bottom: 35px !important;background-color: #5eb8e4 !important;}&#8221; el_class=&#8221;fold-end&#8221; offset=&#8221;vc_col-lg-3 vc_col-md-3&#8243;][zozo_vc_feature_box type=&#8221;fontawesome&#8221; icon_size=&#8221;large&#8221; title=&#8221;Emergency Services&#8221; title_type=&#8221;h4&#8243; title_url=&#8221;|||&#8221; button_url=&#8221;|||&#8221; icon_fontawesome=&#8221;fa fa-ambulance&#8221; icon_color=&#8221;#ffffff&#8221;]There are many variations of passages of Lorem Ipsum available, but the majority have suffered alteration.[\/zozo_vc_feature_box][\/vc_column][vc_column css=&#8221;.vc_custom_1502447065528{padding-bottom: 35px !important;background-color: #199adb !important;}&#8221; el_class=&#8221;fold-end&#8221; offset=&#8221;vc_col-lg-3 vc_col-md-3&#8243;][zozo_vc_feature_box type=&#8221;fontawesome&#8221; icon_size=&#8221;large&#8221; title=&#8221;Transplant Services&#8221; title_type=&#8221;h4&#8243; title_url=&#8221;|||&#8221; button_url=&#8221;|||&#8221; icon_fontawesome=&#8221;fa fa-leaf&#8221; icon_color=&#8221;#ffffff&#8221;]There are many variations of passages of Lorem Ipsum available, but the majority have suffered alteration.[\/zozo_vc_feature_box][\/vc_column][vc_column css=&#8221;.vc_custom_1502447079744{padding-bottom: 35px !important;background-color: #5eb8e4 !important;}&#8221; el_class=&#8221;fold-end&#8221; offset=&#8221;vc_col-lg-3 vc_col-md-3&#8243;][zozo_vc_feature_box type=&#8221;fontawesome&#8221; icon_size=&#8221;large&#8221; title=&#8221;24\/7 Services&#8221; title_type=&#8221;h4&#8243; title_url=&#8221;|||&#8221; button_url=&#8221;|||&#8221; icon_fontawesome=&#8221;fa fa-clock-o&#8221; icon_color=&#8221;#ffffff&#8221;]There are many variations of passages of Lorem Ipsum available, but the majority have suffered alteration.[\/zozo_vc_feature_box][\/vc_column][\/vc_row][vc_row center_row=&#8221;yes&#8221; css=&#8221;.vc_custom_1491892419327{padding-bottom: 0px !important;}&#8221;][vc_column][zozo_vc_section_title title=&#8221;Explore nossos cursos&#8221; title_weight=&#8221;&#8221;]<\/p>\n<p style=\"text-align: center;\">Voc\u00ea n\u00e3o ir\u00e1 encontrar treinamentos como os nossos em nenhum outro lugar, eles s\u00e3o desenhados exclusivamente para garantir uma Jornada Pragma de aprendizagem<\/p>\n<p>[\/zozo_vc_section_title][vc_row_inner][vc_column_inner width=&#8221;1\/3&#8243; css=&#8221;.vc_custom_1502351274557{padding-bottom: 75px !important;}&#8221; offset=&#8221;vc_col-lg-4 vc_col-md-12&#8243;][vc_single_image image=&#8221;10864&#8243; img_size=&#8221;full&#8221; alignment=&#8221;center&#8221;][\/vc_column_inner][vc_column_inner width=&#8221;1\/3&#8243;][zozo_vc_feature_box box_style=&#8221;title-top-icon&#8221; text_align=&#8221;left&#8221; type=&#8221;fontawesome&#8221; icon_size=&#8221;exlarge&#8221; icon_hover_style=&#8221;icon-hv-color&#8221; title=&#8221;CARDIAC CLINIC&#8221; title_type=&#8221;h5&#8243; separator=&#8221;no&#8221; show_button=&#8221;yes&#8221; button_url=&#8221;url:%23||&#8221; icon_fontawesome=&#8221;fa fa-heartbeat&#8221; icon_icomoonpack2=&#8221;icomoon2 icomoon2-heart4&#8243; button_text=&#8221;Read more&#8221; css=&#8221;.vc_custom_1502351029391{margin-bottom: 25px !important;border-bottom-width: 1px !important;padding-bottom: 25px !important;border-bottom-color: #e1e1e1 !important;border-bottom-style: solid !important;}&#8221;]Donec quam felis, ultricies nec, pellentesque eu, pretium quis, sem. Nulla consequat massa quis enim. Donec pede justo, fringilla vel, aliquet.[\/zozo_vc_feature_box][zozo_vc_feature_box box_style=&#8221;title-top-icon&#8221; text_align=&#8221;left&#8221; type=&#8221;fontawesome&#8221; icon_size=&#8221;exlarge&#8221; icon_hover_style=&#8221;icon-hv-color&#8221; title=&#8221;DIABETES TREATMENT&#8221; title_type=&#8221;h5&#8243; separator=&#8221;no&#8221; show_button=&#8221;yes&#8221; button_url=&#8221;url:%23||&#8221; icon_fontawesome=&#8221;fa fa-medkit&#8221; icon_icomoonpack2=&#8221;icomoon2 icomoon2-heart4&#8243; button_text=&#8221;Read more&#8221; css=&#8221;.vc_custom_1502351085319{margin-bottom: 25px !important;border-bottom-width: 1px !important;padding-bottom: 25px !important;border-bottom-color: #e1e1e1 !important;border-bottom-style: solid !important;}&#8221;]Donec quam felis, ultricies nec, pellentesque eu, pretium quis, sem. Nulla consequat massa quis enim. Donec pede justo, fringilla vel, aliquet.[\/zozo_vc_feature_box][\/vc_column_inner][vc_column_inner width=&#8221;1\/3&#8243;][zozo_vc_feature_box box_style=&#8221;title-top-icon&#8221; text_align=&#8221;left&#8221; type=&#8221;fontawesome&#8221; icon_size=&#8221;exlarge&#8221; icon_hover_style=&#8221;icon-hv-color&#8221; title=&#8221;EMERGENCY SERVICES&#8221; title_type=&#8221;h5&#8243; separator=&#8221;no&#8221; show_button=&#8221;yes&#8221; button_url=&#8221;url:%23||&#8221; icon_fontawesome=&#8221;fa fa-wheelchair-alt&#8221; icon_icomoonpack1=&#8221;icomoon1 icomoon-eye-plus&#8221; button_text=&#8221;Read more&#8221;]Donec quam felis, ultricies nec, pellentesque eu, pretium quis, sem. Nulla consequat massa quis enim. Donec pede justo, fringilla vel, aliquet.[\/zozo_vc_feature_box][zozo_vc_feature_box box_style=&#8221;title-top-icon&#8221; text_align=&#8221;left&#8221; type=&#8221;fontawesome&#8221; icon_size=&#8221;exlarge&#8221; icon_hover_style=&#8221;icon-hv-color&#8221; title=&#8221;EYE CARE &amp; SURGERY&#8221; title_type=&#8221;h5&#8243; separator=&#8221;no&#8221; show_button=&#8221;yes&#8221; button_url=&#8221;url:%23||&#8221; icon_fontawesome=&#8221;fa fa-eye&#8221; icon_icomoonpack1=&#8221;icomoon1 icomoon-eye-plus&#8221; button_text=&#8221;Read more&#8221;]Donec quam felis, ultricies nec, pellentesque eu, pretium quis, sem. Nulla consequat massa quis enim. Donec pede justo, fringilla vel, aliquet.[\/zozo_vc_feature_box][\/vc_column_inner][\/vc_row_inner][\/vc_column][\/vc_row][vc_row center_row=&#8221;yes&#8221; bg_overlay=&#8221;yes&#8221; bg_overlay_style=&#8221;overlay-primary&#8221; typo_style=&#8221;light&#8221; css=&#8221;.vc_custom_1502349992044{background-image: url(http:\/\/institutopragma.com.br\/wp-content\/uploads\/2017\/08\/bg-6.jpg?id=10691) !important;background-position: center !important;background-repeat: no-repeat !important;background-size: cover !important;}&#8221;][vc_column][zozo_vc_section_title classes=&#8221;title-white-bottom&#8221; sub_title=&#8221;Some Statistics&#8221; title=&#8221;Our clinic in numbers&#8221; title_weight=&#8221;&#8221;][\/zozo_vc_section_title][vc_row_inner][vc_column_inner width=&#8221;1\/2&#8243; offset=&#8221;vc_col-lg-3 vc_col-md-3&#8243;][zozo_vc_counters type=&#8221;lineicons&#8221; icon_lineicons=&#8221;simple-icon icon-badge&#8221; counter_value=&#8221;2480&#8243; counter_title=&#8221;Patients a year&#8221; counter_color=&#8221;#ffffff&#8221; title_color=&#8221;#ffffff&#8221; icon_color=&#8221;#ffffff&#8221; icon_font_size=&#8221;40px&#8221;][\/vc_column_inner][vc_column_inner width=&#8221;1\/2&#8243; offset=&#8221;vc_col-lg-3 vc_col-md-3&#8243;][zozo_vc_counters type=&#8221;lineicons&#8221; icon_lineicons=&#8221;simple-icon icon-users&#8221; counter_value=&#8221;26&#8243; counter_title=&#8221;People working&#8221; counter_color=&#8221;#ffffff&#8221; title_color=&#8221;#ffffff&#8221; icon_color=&#8221;#ffffff&#8221; icon_font_size=&#8221;40px&#8221;][\/vc_column_inner][vc_column_inner width=&#8221;1\/2&#8243; offset=&#8221;vc_col-lg-3 vc_col-md-3&#8243;][zozo_vc_counters type=&#8221;lineicons&#8221; icon_lineicons=&#8221;simple-icon icon-calendar&#8221; counter_value=&#8221;38&#8243; counter_title=&#8221;Years of experience&#8221; counter_color=&#8221;#ffffff&#8221; title_color=&#8221;#ffffff&#8221; icon_color=&#8221;#ffffff&#8221; icon_font_size=&#8221;40px&#8221;][\/vc_column_inner][vc_column_inner width=&#8221;1\/2&#8243; offset=&#8221;vc_col-lg-3 vc_col-md-3&#8243;][zozo_vc_counters type=&#8221;lineicons&#8221; icon_lineicons=&#8221;simple-icon icon-emoticon-smile&#8221; counter_value=&#8221;7856&#8243; counter_title=&#8221;Happy smiles&#8221; counter_color=&#8221;#ffffff&#8221; title_color=&#8221;#ffffff&#8221; icon_color=&#8221;#ffffff&#8221; icon_font_size=&#8221;40px&#8221;][\/vc_column_inner][\/vc_row_inner][\/vc_column][\/vc_row][vc_row center_row=&#8221;yes&#8221; bg_type=&#8221;image&#8221; parallax_style=&#8221;vcpb-vz-jquery&#8221; css=&#8221;.vc_custom_1502445082066{background-image: url(http:\/\/zozothemes.com\/wp\/mistwp\/medical\/wp-content\/uploads\/sites\/28\/2015\/11\/medicalbg-1.jpg?id=75) !important;}&#8221;][vc_column offset=&#8221;vc_col-lg-6 vc_col-md-6&#8243;][zozo_vc_section_title text_align=&#8221;left&#8221; title=&#8221;LATEST HEALTH NEWS&#8221; title_weight=&#8221;&#8221;]Lorem ipsum dolor sit amet, consectetuer adipiscing elit. Aenean commodo ligula eget dolor. Aenean massa. Cum sociis natoque penatibus et magnis dis parturient montes.[\/zozo_vc_section_title][zozo_vc_latest_posts blog_style=&#8221;slider&#8221; show_author=&#8221;yes&#8221; read_more=&#8221;yes&#8221; infinite_loop=&#8221;true&#8221; pagination=&#8221;false&#8221; posts=&#8221;3&#8243; items=&#8221;2&#8243; items_scroll=&#8221;1&#8243; margin=&#8221;30&#8243; items_tablet=&#8221;2&#8243; items_mobile_landscape=&#8221;1&#8243; items_mobile_portrait=&#8221;1&#8243;][\/vc_column][vc_column offset=&#8221;vc_col-lg-6 vc_col-md-6&#8243;][zozo_vc_section_title text_align=&#8221;left&#8221; title=&#8221;WHAT WE OFFER ?&#8221; title_weight=&#8221;&#8221;]Lorem ipsum dolor sit amet, consectetuer adipiscing elit. Aenean commodo ligula eget dolor. Aenean massa. Cum sociis natoque penatibus et magnis dis parturient montes.[\/zozo_vc_section_title][vc_tta_accordion shape=&#8221;square&#8221; color=&#8221;white&#8221; c_position=&#8221;right&#8221; active_section=&#8221;1&#8243;][vc_tta_section i_icon_fontawesome=&#8221;fa fa-street-view&#8221; add_icon=&#8221;true&#8221; i_icon_icomoonpack3=&#8221;icomoon3 icomoon3-healing&#8221; title=&#8221;PRIMARY HEALTH CARE&#8221; tab_id=&#8221;1446095589837-0e6c2e41-ccb3&#8243;][vc_row_inner][vc_column_inner][vc_column_text]Aenean massa. Cum sociis natoque penatibus et magnis dis parturient montes, nascetur ridiculus mus. Donec quam felis, ultricies nec, pellentesque eu, pretium quis, sem. Nulla consequat massa quis enim.[\/vc_column_text][\/vc_column_inner][\/vc_row_inner][\/vc_tta_section][vc_tta_section i_icon_fontawesome=&#8221;fa fa-heart&#8221; add_icon=&#8221;true&#8221; i_icon_icomoonpack1=&#8221;icomoon1 icomoon-heart&#8221; title=&#8221;CARDIAC CLINIC&#8221; tab_id=&#8221;1446095590085-5b6cfba3-a907&#8243;][vc_row_inner][vc_column_inner][vc_column_text]Aenean massa. Cum sociis natoque penatibus et magnis dis parturient montes, nascetur ridiculus mus. Donec quam felis, ultricies nec, pellentesque eu, pretium quis, sem. Nulla consequat massa quis enim.[\/vc_column_text][\/vc_column_inner][\/vc_row_inner][\/vc_tta_section][vc_tta_section i_icon_fontawesome=&#8221;fa fa-apple&#8221; add_icon=&#8221;true&#8221; i_icon_icomoonpack3=&#8221;icomoon3 icomoon3-healing&#8221; title=&#8221;DENTAL CLINIC&#8221; tab_id=&#8221;1502446234748-6cfee62f-730c&#8221;][vc_row_inner][vc_column_inner][vc_column_text]Aenean massa. Cum sociis natoque penatibus et magnis dis parturient montes, nascetur ridiculus mus. Donec quam felis, ultricies nec, pellentesque eu, pretium quis, sem. Nulla consequat massa quis enim.[\/vc_column_text][\/vc_column_inner][\/vc_row_inner][\/vc_tta_section][vc_tta_section i_icon_fontawesome=&#8221;fa fa-eye&#8221; add_icon=&#8221;true&#8221; i_icon_icomoonpack1=&#8221;icomoon1 icomoon-eye&#8221; title=&#8221;EYE CARE SOLUTIONS&#8221; tab_id=&#8221;1446461277922-88d6c6cf-3611&#8243;][vc_row_inner][vc_column_inner][vc_column_text]Aenean massa. Cum sociis natoque penatibus et magnis dis parturient montes, nascetur ridiculus mus. Donec quam felis, ultricies nec, pellentesque eu, pretium quis, sem. Nulla consequat massa quis enim.[\/vc_column_text][\/vc_column_inner][\/vc_row_inner][\/vc_tta_section][vc_tta_section i_icon_fontawesome=&#8221;fa fa-child&#8221; add_icon=&#8221;true&#8221; i_icon_icomoonpack2=&#8221;icomoon2 icomoon2-health&#8221; title=&#8221;PREGNANCY AND BIRTHS&#8221; tab_id=&#8221;1446464974711-3c73d261-d685&#8243;][vc_row_inner][vc_column_inner][vc_column_text]Aenean massa. Cum sociis natoque penatibus et magnis dis parturient montes, nascetur ridiculus mus. Donec quam felis, ultricies nec, pellentesque eu, pretium quis, sem. Nulla consequat massa quis enim.[\/vc_column_text][\/vc_column_inner][\/vc_row_inner][\/vc_tta_section][vc_tta_section i_icon_fontawesome=&#8221;fa fa-tint&#8221; add_icon=&#8221;true&#8221; i_icon_icomoonpack1=&#8221;icomoon1 icomoon-droplet&#8221; title=&#8221;BLOOD TEST AND X-RAYS&#8221; tab_id=&#8221;1446465281939-da8a327f-3c24&#8243;][vc_row_inner][vc_column_inner][vc_column_text]Aenean massa. Cum sociis natoque penatibus et magnis dis parturient montes, nascetur ridiculus mus. Donec quam felis, ultricies nec, pellentesque eu, pretium quis, sem. Nulla consequat massa quis enim.[\/vc_column_text][\/vc_column_inner][\/vc_row_inner][\/vc_tta_section][vc_tta_section i_type=&#8221;entypo&#8221; i_icon_entypo=&#8221;entypo-icon entypo-icon-doc-text&#8221; add_icon=&#8221;true&#8221; title=&#8221;GENERAL PRESCRIPTION&#8221; tab_id=&#8221;1446465430882-3a83d6a5-f83b&#8221;][vc_row_inner][vc_column_inner][vc_column_text]Aenean massa. Cum sociis natoque penatibus et magnis dis parturient montes, nascetur ridiculus mus. Donec quam felis, ultricies nec, pellentesque eu, pretium quis, sem. Nulla consequat massa quis enim.[\/vc_column_text][\/vc_column_inner][\/vc_row_inner][\/vc_tta_section][\/vc_tta_accordion][\/vc_column][\/vc_row][vc_row center_row=&#8221;yes&#8221; bg_overlay=&#8221;yes&#8221; typo_style=&#8221;light&#8221; css=&#8221;.vc_custom_1502445523961{padding-bottom: 55px !important;background-image: url(http:\/\/demo.zozothemes.com\/medicalhealth\/wp-content\/uploads\/sites\/4\/2015\/11\/medicalbg-2.jpg?id=417) !important;background-position: center !important;background-repeat: no-repeat !important;background-size: cover !important;}&#8221;][vc_column][zozo_vc_section_title title=&#8221;OUR GALLERY&#8221; title_weight=&#8221;&#8221;]Lorem ipsum dolor sit amet, consectetuer adipiscing elit. Aenean commodo ligula eget dolor. Aenean massa. Cum sociis natoque penatibus et magnis dis parturient montes, nascetur ridiculus mus.[\/zozo_vc_section_title][zozo_vc_portfolio_grid pagination=&#8221;no&#8221; filter_type=&#8221;arrow-style&#8221; columns=&#8221;4&#8243; show_category=&#8221;no&#8221; posts=&#8221;8&#8243; gutter=&#8221;30&#8243; excerpt_length=&#8221;8&#8243;][\/vc_column][\/vc_row][vc_row center_row=&#8221;yes&#8221;][vc_column][zozo_vc_section_title title=&#8221;MEET OUR DOCTORS&#8221; title_weight=&#8221;&#8221;]Lorem ipsum dolor sit amet, consectetuer adipiscing elit. Aenean commodo ligula eget dolor. Aenean massa. Cum sociis natoque penatibus et magnis dis parturient montes, nascetur ridiculus mus.[\/zozo_vc_section_title][zozo_vc_team_grid show_pagination=&#8221;no&#8221; member_desc_type=&#8221;none&#8221; columns=&#8221;4&#8243; posts=&#8221;4&#8243;][\/vc_column][\/vc_row][vc_row center_row=&#8221;yes&#8221;][vc_column][zozo_vc_section_title title=&#8221;What patients say&#8221; title_weight=&#8221;&#8221;][\/zozo_vc_section_title][vc_row_inner][vc_column_inner width=&#8221;1\/6&#8243;][\/vc_column_inner][vc_column_inner width=&#8221;2\/3&#8243;][zozo_vc_testimonials_slider infinite_loop=&#8221;true&#8221; navigation=&#8221;false&#8221; categories_id=&#8221;reviews&#8221; items=&#8221;1&#8243; items_scroll=&#8221;1&#8243; items_tablet=&#8221;1&#8243; items_mobile_landscape=&#8221;1&#8243; items_mobile_portrait=&#8221;1&#8243;][\/vc_column_inner][vc_column_inner width=&#8221;1\/6&#8243;][\/vc_column_inner][\/vc_row_inner][\/vc_column][\/vc_row][vc_row bg_style=&#8221;grey-wrapper&#8221; center_row=&#8221;yes&#8221; css=&#8221;.vc_custom_1491990743177{padding-top: 60px !important;padding-bottom: 65px !important;}&#8221;][vc_column][zozo_vc_clients_slider images=&#8221;10326,10325,10324,10323,10322,10321,10320,10319&#8243; custom_links=&#8221;#,#,#,#,#,#,#,#&#8221; link_target=&#8221;_blank&#8221; infinite_loop=&#8221;true&#8221; navigation=&#8221;false&#8221; pagination=&#8221;false&#8221; items=&#8221;6&#8243; items_scroll=&#8221;1&#8243; margin=&#8221;30&#8243; items_tablet=&#8221;3&#8243; items_mobile_landscape=&#8221;2&#8243; items_mobile_portrait=&#8221;1&#8243;][\/vc_column][\/vc_row]<\/p>\n<\/section>","protected":false},"excerpt":{"rendered":"<p>[vc_row bg_style=&#8221;dark-wrapper&#8221; typo_style=&#8221;light&#8221; css=&#8221;.vc_custom_1674739471643{background-color: #5b3b4c !important;}&#8221;][vc_column width=&#8221;2\/3&#8243;][zozo_vc_section_title text_align=&#8221;center&#8221; title=&#8221;Quer saber mais sobre nossos cursos?&#8221; title_weight=&#8221;800&#8243;][\/zozo_vc_section_title][\/vc_column][vc_column width=&#8221;1\/3&#8243;][vc_btn title=&#8221;Purchase Now&#8221; color=&#8221;white&#8221; align=&#8221;left&#8221; css_animation=&#8221;none&#8221; link=&#8221;url:%23||&#8221;][\/vc_column][\/vc_row][vc_row full_width=&#8221;stretch_row_content&#8221; typo_style=&#8221;light&#8221; css=&#8221;.vc_custom_1499341925002{padding-top: 0px !important;padding-bottom: 0px !important;}&#8221;][vc_column css=&#8221;.vc_custom_1502447041353{padding-bottom: 35px !important;background-color: #199adb !important;}&#8221; el_class=&#8221;fold-end&#8221; offset=&#8221;vc_col-lg-3 vc_col-md-3&#8243;][zozo_vc_feature_box type=&#8221;fontawesome&#8221; icon_size=&#8221;large&#8221; title=&#8221;Qualified Doctors&#8221; title_type=&#8221;h4&#8243; title_url=&#8221;|||&#8221; button_url=&#8221;|||&#8221; icon_fontawesome=&#8221;fa fa-user-md&#8221; icon_color=&#8221;#ffffff&#8221;]There are many variations of passages of Lorem Ipsum [&hellip;]<\/p>\n","protected":false},"author":2,"featured_media":0,"parent":0,"menu_order":0,"comment_status":"closed","ping_status":"closed","template":"template-fullwidth.php","meta":{"footnotes":""},"_links":{"self":[{"href":"https:\/\/institutopragma.com.br\/index.php?rest_route=\/wp\/v2\/pages\/11099"}],"collection":[{"href":"https:\/\/institutopragma.com.br\/index.php?rest_route=\/wp\/v2\/pages"}],"about":[{"href":"https:\/\/institutopragma.com.br\/index.php?rest_route=\/wp\/v2\/types\/page"}],"author":[{"embeddable":true,"href":"https:\/\/institutopragma.com.br\/index.php?rest_route=\/wp\/v2\/users\/2"}],"replies":[{"embeddable":true,"href":"https:\/\/institutopragma.com.br\/index.php?rest_route=%2Fwp%2Fv2%2Fcomments&post=11099"}],"version-history":[{"count":3,"href":"https:\/\/institutopragma.com.br\/index.php?rest_route=\/wp\/v2\/pages\/11099\/revisions"}],"predecessor-version":[{"id":11272,"href":"https:\/\/institutopragma.com.br\/index.php?rest_route=\/wp\/v2\/pages\/11099\/revisions\/11272"}],"wp:attachment":[{"href":"https:\/\/institutopragma.com.br\/index.php?rest_route=%2Fwp%2Fv2%2Fmedia&parent=11099"}],"curies":[{"name":"wp","href":"https:\/\/api.w.org\/{rel}","templated":true}]}}